{"id":24,"date":"2018-02-01T12:49:03","date_gmt":"2018-02-01T11:49:03","guid":{"rendered":"https:\/\/zkn.umed.pl\/?page_id=24"},"modified":"2025-10-08T08:56:40","modified_gmt":"2025-10-08T06:56:40","slug":"studenci","status":"publish","type":"page","link":"https:\/\/zkn.umed.pl\/en\/studenci\/","title":{"rendered":"Studenci"},"content":{"rendered":"<p><a href=\"https:\/\/zkn.umed.pl\/wp-content\/uploads\/2019\/10\/SKN-Kardiologia-Nienwazyjna.png\"><img loading=\"lazy\" decoding=\"async\" class=\"alignright wp-image-239\" src=\"https:\/\/zkn.umed.pl\/wp-content\/uploads\/2019\/10\/SKN-Kardiologia-Nienwazyjna.png\" alt=\"kn\" width=\"262\" height=\"195\" srcset=\"https:\/\/zkn.umed.pl\/wp-content\/uploads\/2019\/10\/SKN-Kardiologia-Nienwazyjna.png 800w, https:\/\/zkn.umed.pl\/wp-content\/uploads\/2019\/10\/SKN-Kardiologia-Nienwazyjna-300x224.png 300w, https:\/\/zkn.umed.pl\/wp-content\/uploads\/2019\/10\/SKN-Kardiologia-Nienwazyjna-768x572.png 768w, https:\/\/zkn.umed.pl\/wp-content\/uploads\/2019\/10\/SKN-Kardiologia-Nienwazyjna-600x447.png 600w, https:\/\/zkn.umed.pl\/wp-content\/uploads\/2019\/10\/SKN-Kardiologia-Nienwazyjna-560x417.png 560w\" sizes=\"auto, (max-width: 262px) 100vw, 262px\" \/><\/a>Przy Zak\u0142adzie Kardiologii Nieinwazyjnej dzia\u0142a Studenckie Ko\u0142o Naukowe, Opiekun Prof. dr hab. med. Ma\u0142gorzata Lelonek.<\/p>\n<p>W ramach SKN studenci uczestnicz\u0105 w spotkaniach edukacyjno-naukowych oraz dy\u017curach lekarskich, w czasie kt\u00f3rych zdobywaj\u0105 praktyczne umiej\u0119tno\u015bci kliniczne.<\/p>\n<p>SKN organizuje w ramach Konferencji Juvenes pro Medicina\u00a0warsztaty elektrokardiograficzne oraz auskultacyjne, kt\u00f3re ciesz\u0105 si\u0119\u00a0bardzo\u00a0du\u017cym zainteresowaniem, natomiast podczas\u00a0\u0141\u00f3dzkich Warsztat\u00f3w Niewydolno\u015bci Serca Sesj\u0119 Studenck\u0105, w czasie kt\u00f3rej studenci SKN r\u00f3wnie\u017c\u00a0z\u00a0innych\u00a0klinik kardiologicznych\u00a0mog\u0105 prezentowa\u0107 swoje do\u015bwiadczenia.<\/p>\n<p>Pod opiek\u0105 naukow\u0105 Profesor Ma\u0142gorzaty Lelonek studenci zaanga\u017cowani w dzia\u0142alno\u015b\u0107 SKN\u00a0zdobywaj\u0105 nagrody i wyr\u00f3\u017cnienia na konferencji Juvenes pro Medicina oraz publikuj\u0105 prace naukowe, w tym w czasopismach posiadaj\u0105cych impact factor. Wszyscy po sko\u0144czeniu studi\u00f3w otrzymali miejsca pracy w oddzia\u0142ach kardiologicznych oraz\u00a0uniwersyteckich jednostkach.<\/p>\n<p>Zapraszamy do wsp\u00f3\u0142pracy.<br \/><a id=\"LPlnk174752\" class=\"x_OWAAutoLink\" href=\"https:\/\/web.facebook.com\/SKN-przy-Zak%C5%82adzie-Kardiologii-Nieinwazyjnej-1481795702094239\/\" target=\"_blank\" rel=\"noopener noreferrer\">https:\/\/web.facebook.com\/SKN-przy-Zak%C5%82adzie-Kardiologii-Nieinwazyjnej-1481795702094239\/<\/a><\/p>\n<p><a href=\"https:\/\/zkn.umed.pl\/wp-content\/uploads\/2021\/02\/regulamin-dydaktyczny-IV-rok-ZKN-2020-2021.pdf\"><strong>Regulamin dydaktyczny IV rok Kardiologia Nieinwazyjna 2020\/2021<\/strong><\/a><br \/><a href=\"https:\/\/zkn.umed.pl\/wp-content\/uploads\/2020\/09\/Regulamin-dydaktyczny-VI-rok-PNK-2020-2021_pandemia.pdf\"><strong>Regulamin dydaktyczny VI rok PNK 2020-2021 &#8211; pandemia<\/strong><\/a><br \/><a href=\"https:\/\/zkn.umed.pl\/wp-content\/uploads\/2020\/02\/Regulamin-dydaktyczny-IV-rok-ZKN-2019_2020.pdf\"><strong>Regulamin dydaktyczny IV rok Kardiologia Nieinwazyjna<\/strong><\/a><br \/><a href=\"https:\/\/zkn.umed.pl\/wp-content\/uploads\/2019\/09\/Regulamin-Dydaktyczny-Praktyczne-Nauczanie-Kliniczne-Kardiologia-VI-rok.pdf\"><strong>Regulamin Dydaktyczny Praktyczne Nauczanie Kliniczne VI rok.<\/strong><\/a><br \/><a href=\"https:\/\/zkn.umed.pl\/wp-content\/uploads\/2020\/04\/Regulamin-dydaktyczny-IV-rok-ZKN-2019_2020_zdalne.pdf\"><strong>Regulamin zaj\u0119\u0107 dydaktycznych zdalnych Kardiologia Nieinwazyjna IV rok 2019\/2020<\/strong><\/a><\/p>\n<h3>Sprawy dydaktyczne<\/h3>\n<div>dr med. Karolina Wojtczak-Soska <br \/>email:<a href=\"mailto:karolina.wojtczak-soska@umed.lodz.pl\">karolina.wojtczak-soska@umed.lodz.pl<\/a><\/div>\n<p>\u00a0<\/p>\n<h3>Aktualno\u015bci<\/h3>\n<ul class=\"lcp_catlist\" id=\"lcp_instance_0\"><li><a href=\"https:\/\/zkn.umed.pl\/en\/covid-19-pol-roku-doswiadczen-spojrzenie-wielospecjalistyczne\/\">COVID-19 p\u00f3\u0142 roku do\u015bwiadcze\u0144. Spojrzenie wielospecjalistyczne.<\/a><\/li><li><a href=\"https:\/\/zkn.umed.pl\/en\/konferencja-prasowa-pap-7-elementow-niewydolnosci-serca\/\">KONFERENCJA PRASOWA PAP \u201e7 ELEMENT\u00d3W NIEWYDOLNO\u015aCI SERCA\u201d<\/a><\/li><li><a href=\"https:\/\/zkn.umed.pl\/en\/konferencja-sekcji-niewydolnosci-serca-ptk-2020\/\">KONFERENCJA SEKCJI NIEWYDOLNO\u015aCI SERCA PTK 2020<\/a><\/li><li><a href=\"https:\/\/zkn.umed.pl\/en\/mmm19-may-measurement-month-2019\/\">MMM19 &#8211; May Measurement Month 2019<\/a><\/li><li><a href=\"https:\/\/zkn.umed.pl\/en\/drzwi-otwarte-uniwersytetu-medycznego-2019\/\">Drzwi Otwarte Uniwersytetu Medycznego 2019<\/a><\/li><li><a href=\"https:\/\/zkn.umed.pl\/en\/drzwi-otwarte-uniwersytetu-medycznego-2018\/\">Drzwi Otwarte Uniwersytetu Medycznego 2018<\/a><\/li><\/ul>\n\n\n<p><\/p>\n","protected":false},"excerpt":{"rendered":"<p>Przy Zak\u0142adzie Kardiologii Nieinwazyjnej dzia\u0142a Studenckie Ko\u0142o Naukowe, Opiekun Prof. dr hab. med. Ma\u0142gorzata Lelonek. W ramach SKN studenci uczestnicz\u0105 [&hellip;]<\/p>\n","protected":false},"author":5,"featured_media":0,"parent":0,"menu_order":0,"comment_status":"closed","ping_status":"closed","template":"","meta":{"footnotes":""},"class_list":["post-24","page","type-page","status-publish","hentry"],"yoast_head":"<!-- This site is optimized with the Yoast SEO plugin v27.5 - https:\/\/yoast.com\/product\/yoast-seo-wordpress\/ -->\n<title>Studenci<\/title>\n<meta name=\"robots\" content=\"index, follow, max-snippet:-1, max-image-preview:large, max-video-preview:-1\" \/>\n<link rel=\"canonical\" href=\"https:\/\/zkn.umed.pl\/en\/studenci\/\" \/>\n<meta property=\"og:locale\" content=\"en_GB\" \/>\n<meta property=\"og:locale:alternate\" content=\"pl_PL\" \/>\n<meta property=\"og:type\" content=\"article\" \/>\n<meta property=\"og:title\" content=\"Studenci\" \/>\n<meta property=\"og:description\" content=\"Przy Zak\u0142adzie Kardiologii Nieinwazyjnej dzia\u0142a Studenckie Ko\u0142o Naukowe, Opiekun Prof. dr hab. med. Ma\u0142gorzata Lelonek. W ramach SKN studenci uczestnicz\u0105 [&hellip;]\" \/>\n<meta property=\"og:url\" content=\"https:\/\/zkn.umed.pl\/en\/studenci\/\" \/>\n<meta property=\"og:site_name\" content=\"Zak\u0142ad Kardiologii Nieinwazyjnej\" \/>\n<meta property=\"article:modified_time\" content=\"2025-10-08T06:56:40+00:00\" \/>\n<meta property=\"og:image\" content=\"https:\/\/zkn.umed.pl\/wp-content\/uploads\/2019\/10\/SKN-Kardiologia-Nienwazyjna.png\" \/>\n\t<meta property=\"og:image:width\" content=\"800\" \/>\n\t<meta property=\"og:image:height\" content=\"596\" \/>\n\t<meta property=\"og:image:type\" content=\"image\/png\" \/>\n<meta name=\"twitter:card\" content=\"summary_large_image\" \/>\n<meta name=\"twitter:label1\" content=\"Est. reading time\" \/>\n\t<meta name=\"twitter:data1\" content=\"2 minutes\" \/>\n<script type=\"application\/ld+json\" class=\"yoast-schema-graph\">{\"@context\":\"https:\\\/\\\/schema.org\",\"@graph\":[{\"@type\":\"WebPage\",\"@id\":\"https:\\\/\\\/zkn.umed.pl\\\/studenci\\\/\",\"url\":\"https:\\\/\\\/zkn.umed.pl\\\/studenci\\\/\",\"name\":\"Studenci\",\"isPartOf\":{\"@id\":\"https:\\\/\\\/zkn.umed.pl\\\/#website\"},\"primaryImageOfPage\":{\"@id\":\"https:\\\/\\\/zkn.umed.pl\\\/studenci\\\/#primaryimage\"},\"image\":{\"@id\":\"https:\\\/\\\/zkn.umed.pl\\\/studenci\\\/#primaryimage\"},\"thumbnailUrl\":\"https:\\\/\\\/zkn.umed.pl\\\/wp-content\\\/uploads\\\/2019\\\/10\\\/SKN-Kardiologia-Nienwazyjna.png\",\"datePublished\":\"2018-02-01T11:49:03+00:00\",\"dateModified\":\"2025-10-08T06:56:40+00:00\",\"breadcrumb\":{\"@id\":\"https:\\\/\\\/zkn.umed.pl\\\/studenci\\\/#breadcrumb\"},\"inLanguage\":\"en-GB\",\"potentialAction\":[{\"@type\":\"ReadAction\",\"target\":[\"https:\\\/\\\/zkn.umed.pl\\\/studenci\\\/\"]}]},{\"@type\":\"ImageObject\",\"inLanguage\":\"en-GB\",\"@id\":\"https:\\\/\\\/zkn.umed.pl\\\/studenci\\\/#primaryimage\",\"url\":\"https:\\\/\\\/zkn.umed.pl\\\/wp-content\\\/uploads\\\/2019\\\/10\\\/SKN-Kardiologia-Nienwazyjna.png\",\"contentUrl\":\"https:\\\/\\\/zkn.umed.pl\\\/wp-content\\\/uploads\\\/2019\\\/10\\\/SKN-Kardiologia-Nienwazyjna.png\"},{\"@type\":\"BreadcrumbList\",\"@id\":\"https:\\\/\\\/zkn.umed.pl\\\/studenci\\\/#breadcrumb\",\"itemListElement\":[{\"@type\":\"ListItem\",\"position\":1,\"name\":\"Strona g\u0142\u00f3wna\",\"item\":\"https:\\\/\\\/zkn.umed.pl\\\/\"},{\"@type\":\"ListItem\",\"position\":2,\"name\":\"Studenci\"}]},{\"@type\":\"WebSite\",\"@id\":\"https:\\\/\\\/zkn.umed.pl\\\/#website\",\"url\":\"https:\\\/\\\/zkn.umed.pl\\\/\",\"name\":\"Zak\u0142ad Kardiologii Nieinwazyjnej\",\"description\":\"Uniwersytet Medyczny w \u0141odzi\",\"potentialAction\":[{\"@type\":\"SearchAction\",\"target\":{\"@type\":\"EntryPoint\",\"urlTemplate\":\"https:\\\/\\\/zkn.umed.pl\\\/?s={search_term_string}\"},\"query-input\":{\"@type\":\"PropertyValueSpecification\",\"valueRequired\":true,\"valueName\":\"search_term_string\"}}],\"inLanguage\":\"en-GB\"}]}<\/script>\n<!-- \/ Yoast SEO plugin. -->","yoast_head_json":{"title":"Studenci","robots":{"index":"index","follow":"follow","max-snippet":"max-snippet:-1","max-image-preview":"max-image-preview:large","max-video-preview":"max-video-preview:-1"},"canonical":"https:\/\/zkn.umed.pl\/en\/studenci\/","og_locale":"en_GB","og_type":"article","og_title":"[:pl]Studenci[:] - Zak\u0142ad Kardiologii Nieinwazyjnej","og_description":"Przy Zak\u0142adzie Kardiologii Nieinwazyjnej dzia\u0142a Studenckie Ko\u0142o Naukowe, Opiekun Prof. dr hab. med. Ma\u0142gorzata Lelonek. W ramach SKN studenci uczestnicz\u0105 [&hellip;]","og_url":"https:\/\/zkn.umed.pl\/en\/studenci\/","og_site_name":"Zak\u0142ad Kardiologii Nieinwazyjnej","article_modified_time":"2025-10-08T06:56:40+00:00","og_image":[{"width":800,"height":596,"url":"https:\/\/zkn.umed.pl\/wp-content\/uploads\/2019\/10\/SKN-Kardiologia-Nienwazyjna.png","type":"image\/png"}],"twitter_card":"summary_large_image","twitter_misc":{"Est. reading time":"2 minutes"},"schema":{"@context":"https:\/\/schema.org","@graph":[{"@type":"WebPage","@id":"https:\/\/zkn.umed.pl\/studenci\/","url":"https:\/\/zkn.umed.pl\/studenci\/","name":"Studenci","isPartOf":{"@id":"https:\/\/zkn.umed.pl\/#website"},"primaryImageOfPage":{"@id":"https:\/\/zkn.umed.pl\/studenci\/#primaryimage"},"image":{"@id":"https:\/\/zkn.umed.pl\/studenci\/#primaryimage"},"thumbnailUrl":"https:\/\/zkn.umed.pl\/wp-content\/uploads\/2019\/10\/SKN-Kardiologia-Nienwazyjna.png","datePublished":"2018-02-01T11:49:03+00:00","dateModified":"2025-10-08T06:56:40+00:00","breadcrumb":{"@id":"https:\/\/zkn.umed.pl\/studenci\/#breadcrumb"},"inLanguage":"en-GB","potentialAction":[{"@type":"ReadAction","target":["https:\/\/zkn.umed.pl\/studenci\/"]}]},{"@type":"ImageObject","inLanguage":"en-GB","@id":"https:\/\/zkn.umed.pl\/studenci\/#primaryimage","url":"https:\/\/zkn.umed.pl\/wp-content\/uploads\/2019\/10\/SKN-Kardiologia-Nienwazyjna.png","contentUrl":"https:\/\/zkn.umed.pl\/wp-content\/uploads\/2019\/10\/SKN-Kardiologia-Nienwazyjna.png"},{"@type":"BreadcrumbList","@id":"https:\/\/zkn.umed.pl\/studenci\/#breadcrumb","itemListElement":[{"@type":"ListItem","position":1,"name":"Strona g\u0142\u00f3wna","item":"https:\/\/zkn.umed.pl\/"},{"@type":"ListItem","position":2,"name":"Studenci"}]},{"@type":"WebSite","@id":"https:\/\/zkn.umed.pl\/#website","url":"https:\/\/zkn.umed.pl\/","name":"Zak\u0142ad Kardiologii Nieinwazyjnej","description":"Uniwersytet Medyczny w \u0141odzi","potentialAction":[{"@type":"SearchAction","target":{"@type":"EntryPoint","urlTemplate":"https:\/\/zkn.umed.pl\/?s={search_term_string}"},"query-input":{"@type":"PropertyValueSpecification","valueRequired":true,"valueName":"search_term_string"}}],"inLanguage":"en-GB"}]}},"rttpg_featured_image_url":null,"rttpg_author":{"display_name":"Marzena Kalinowska","author_link":"https:\/\/zkn.umed.pl\/en\/author\/marzena-kalinowska\/"},"rttpg_comment":0,"rttpg_category":null,"rttpg_excerpt":"Przy Zak\u0142adzie Kardiologii Nieinwazyjnej dzia\u0142a Studenckie Ko\u0142o Naukowe, Opiekun Prof. dr hab. med. Ma\u0142gorzata Lelonek. W ramach SKN studenci uczestnicz\u0105 [&hellip;]","_links":{"self":[{"href":"https:\/\/zkn.umed.pl\/en\/wp-json\/wp\/v2\/pages\/24","targetHints":{"allow":["GET"]}}],"collection":[{"href":"https:\/\/zkn.umed.pl\/en\/wp-json\/wp\/v2\/pages"}],"about":[{"href":"https:\/\/zkn.umed.pl\/en\/wp-json\/wp\/v2\/types\/page"}],"author":[{"embeddable":true,"href":"https:\/\/zkn.umed.pl\/en\/wp-json\/wp\/v2\/users\/5"}],"replies":[{"embeddable":true,"href":"https:\/\/zkn.umed.pl\/en\/wp-json\/wp\/v2\/comments?post=24"}],"version-history":[{"count":35,"href":"https:\/\/zkn.umed.pl\/en\/wp-json\/wp\/v2\/pages\/24\/revisions"}],"predecessor-version":[{"id":621,"href":"https:\/\/zkn.umed.pl\/en\/wp-json\/wp\/v2\/pages\/24\/revisions\/621"}],"wp:attachment":[{"href":"https:\/\/zkn.umed.pl\/en\/wp-json\/wp\/v2\/media?parent=24"}],"curies":[{"name":"wp","href":"https:\/\/api.w.org\/{rel}","templated":true}]}}